{"id":115,"date":"2024-06-11T11:38:50","date_gmt":"2024-06-11T11:38:50","guid":{"rendered":"https:\/\/themes.templatescoder.com\/sastra-addon\/demo-07\/?page_id=115"},"modified":"2025-02-20T11:43:54","modified_gmt":"2025-02-20T11:43:54","slug":"contacte","status":"publish","type":"page","link":"https:\/\/lamiglass.md\/ru\/contacte\/","title":{"rendered":"\u041a\u043e\u043d\u0442\u0430\u043a\u0442\u044b"},"content":{"rendered":"<div data-elementor-type=\"wp-page\" data-elementor-id=\"115\" class=\"elementor elementor-115\">\n\t\t\t\t\t\t<section class=\"elementor-section elementor-top-section elementor-element elementor-element-93045fa elementor-section-content-middle elementor-section-boxed elementor-section-height-default elementor-section-height-default tmpcoder-particle-no tmpcoder-sticky-section-no\" data-id=\"93045fa\" data-element_type=\"section\" data-settings=\"{&quot;background_background&quot;:&quot;classic&quot;}\">\n\t\t\t\t\t\t\t<div class=\"elementor-background-overlay\"><\/div>\n\t\t\t\t\t\t\t<div class=\"elementor-container elementor-column-gap-default\">\n\t\t\t\t\t<div class=\"elementor-column elementor-col-100 elementor-top-column elementor-element elementor-element-d492a4c\" data-id=\"d492a4c\" data-element_type=\"column\" data-settings=\"{&quot;animation&quot;:&quot;none&quot;}\">\n\t\t\t<div class=\"elementor-widget-wrap elementor-element-populated\">\n\t\t\t\t\t\t<div class=\"elementor-element elementor-element-46b13a0 elementor-invisible elementor-widget elementor-widget-tmpcoder_breadcrumb\" data-id=\"46b13a0\" data-element_type=\"widget\" data-settings=\"{&quot;_animation&quot;:&quot;fadeInUp&quot;}\" data-widget_type=\"tmpcoder_breadcrumb.default\">\n\t\t\t\t<div class=\"elementor-widget-container\">\n\t\t\t\t\t\n        <div class=\"row\">\n            <div class=\"col-md-12\">\n                <div class=\"page-banner\">\n                    <h1 class=\"sub-banner-title yes\">\u041a\u043e\u043d\u0442\u0430\u043a\u0442\u044b<\/h1>\n                <\/div>\n            <\/div>\n        <\/div>\n\n        \t\t\t\t<\/div>\n\t\t\t\t<\/div>\n\t\t\t\t\t<\/div>\n\t\t<\/div>\n\t\t\t\t\t<\/div>\n\t\t<\/section>\n\t\t\t\t<section class=\"elementor-section elementor-top-section elementor-element elementor-element-6b69331 elementor-section-boxed elementor-section-height-default elementor-section-height-default tmpcoder-particle-no tmpcoder-sticky-section-no\" data-id=\"6b69331\" data-element_type=\"section\" data-settings=\"{&quot;background_background&quot;:&quot;classic&quot;}\">\n\t\t\t\t\t\t<div class=\"elementor-container elementor-column-gap-default\">\n\t\t\t\t\t<div class=\"elementor-column elementor-col-50 elementor-top-column elementor-element elementor-element-8e0faea elementor-invisible\" data-id=\"8e0faea\" data-element_type=\"column\" data-settings=\"{&quot;animation&quot;:&quot;fadeInLeft&quot;}\">\n\t\t\t<div class=\"elementor-widget-wrap elementor-element-populated\">\n\t\t\t\t\t\t<div class=\"elementor-element elementor-element-6f02554 elementor-widget elementor-widget-heading\" data-id=\"6f02554\" data-element_type=\"widget\" data-widget_type=\"heading.default\">\n\t\t\t\t<div class=\"elementor-widget-container\">\n\t\t\t\t\t<span class=\"elementor-heading-title elementor-size-default\">Lami Glass<\/span>\t\t\t\t<\/div>\n\t\t\t\t<\/div>\n\t\t\t\t<div class=\"elementor-element elementor-element-1ac1e5f elementor-widget elementor-widget-heading\" data-id=\"1ac1e5f\" data-element_type=\"widget\" data-widget_type=\"heading.default\">\n\t\t\t\t<div class=\"elementor-widget-container\">\n\t\t\t\t\t<h2 class=\"elementor-heading-title elementor-size-default\">\u0421\u0432\u044f\u0436\u0438\u0442\u0435\u0441\u044c \u0441 \u043d\u0430\u043c\u0438!<\/h2>\t\t\t\t<\/div>\n\t\t\t\t<\/div>\n\t\t\t\t<div class=\"elementor-element elementor-element-beb30f9 elementor-widget__width-inherit elementor-widget elementor-widget-text-editor\" data-id=\"beb30f9\" data-element_type=\"widget\" data-widget_type=\"text-editor.default\">\n\t\t\t\t<div class=\"elementor-widget-container\">\n\t\t\t\t\t\t\t\t\t<div class=\"flex max-w-full flex-col flex-grow\"><div class=\"min-h-8 text-message flex w-full flex-col items-end gap-2 whitespace-normal break-words text-start [.text-message+&amp;]:mt-5\" dir=\"auto\" data-message-author-role=\"assistant\" data-message-id=\"6dce0d67-5cb2-44d8-a66c-701c93605177\" data-message-model-slug=\"gpt-4o\"><div class=\"flex w-full flex-col gap-1 empty:hidden first:pt-[3px]\"><div class=\"markdown prose w-full break-words dark:prose-invert light\"><p data-start=\"0\" data-end=\"160\" data-is-last-node=\"\">\u041e\u0431\u0440\u0430\u0442\u0438\u0442\u0435\u0441\u044c \u043a \u043d\u0430\u043c \u0437\u0430 \u0438\u043d\u0434\u0438\u0432\u0438\u0434\u0443\u0430\u043b\u044c\u043d\u044b\u043c\u0438 \u0440\u0435\u0448\u0435\u043d\u0438\u044f\u043c\u0438 \u0438\u0437 \u0441\u0442\u0435\u043a\u043b\u0430! \u041a\u043e\u043c\u0430\u043d\u0434\u0430 Lami Glass \u0433\u043e\u0442\u043e\u0432\u0430 \u0432\u043e\u043f\u043b\u043e\u0442\u0438\u0442\u044c \u0432\u0430\u0448\u0438 \u0438\u0434\u0435\u0438 \u0432 \u0440\u0435\u0430\u043b\u044c\u043d\u043e\u0441\u0442\u044c. \u041c\u044b \u043d\u0430\u0445\u043e\u0434\u0438\u043c\u0441\u044f \u0432\u0441\u0435\u0433\u043e \u043b\u0438\u0448\u044c \u043d\u0430 \u0440\u0430\u0441\u0441\u0442\u043e\u044f\u043d\u0438\u0438 \u043e\u0434\u043d\u043e\u0433\u043e \u0441\u043e\u043e\u0431\u0449\u0435\u043d\u0438\u044f!<\/p><\/div><\/div><\/div><\/div>\t\t\t\t\t\t\t\t<\/div>\n\t\t\t\t<\/div>\n\t\t\t\t<div class=\"elementor-element elementor-element-23e24e6 tmpcoder-page-list-vertical tmpcoder-pl-badge-center tmpcoder-pl-icon-center elementor-widget elementor-widget-tmpcoder-page-list\" data-id=\"23e24e6\" data-element_type=\"widget\" data-widget_type=\"tmpcoder-page-list.default\">\n\t\t\t\t<div class=\"elementor-widget-container\">\n\t\t\t\t\t<div class=\"tmpcoder-page-list-wrap\"><ul class=\"tmpcoder-page-list\"><li class=\"tmpcoder-page-list-item elementor-repeater-item-e57bd05 tmpcoder-pointer-none tmpcoder-pointer-line-fx tmpcoder-pointer-fx-fade\"><span class=\"tmpcoder-page-list-item-icon\"><svg aria-hidden=\"true\" class=\"e-font-icon-svg e-fas-envelope\" viewbox=\"0 0 512 512\" xmlns=\"http:\/\/www.w3.org\/2000\/svg\"><path d=\"M502.3 190.8c3.9-3.1 9.7-.2 9.7 4.7V400c0 26.5-21.5 48-48 48H48c-26.5 0-48-21.5-48-48V195.6c0-5 5.7-7.8 9.7-4.7 22.4 17.4 52.1 39.5 154.1 113.6 21.1 15.4 56.7 47.8 92.2 47.6 35.7.3 72-32.8 92.3-47.6 102-74.1 131.6-96.3 154-113.7zM256 320c23.2.4 56.6-29.2 73.4-41.4 132.7-96.3 142.8-104.7 173.4-128.7 5.8-4.5 9.2-11.5 9.2-18.9v-19c0-26.5-21.5-48-48-48H48C21.5 64 0 85.5 0 112v19c0 7.4 3.4 14.3 9.2 18.9 30.6 23.9 40.7 32.4 173.4 128.7 16.8 12.2 50.2 41.8 73.4 41.4z\"><\/path><\/svg><\/span><div><a href=\"mailto:busuiococtav@mail.ru\" class=\"tmpcoder-no-pointer\">busuiococtav@mail.ru<\/a><\/div><\/li><li class=\"tmpcoder-page-list-item elementor-repeater-item-02aaf72 tmpcoder-pointer-none tmpcoder-pointer-line-fx tmpcoder-pointer-fx-fade\"><span class=\"tmpcoder-page-list-item-icon\"><svg aria-hidden=\"true\" class=\"e-font-icon-svg e-fas-map-marker-alt\" viewbox=\"0 0 384 512\" xmlns=\"http:\/\/www.w3.org\/2000\/svg\"><path d=\"M172.268 501.67C26.97 291.031 0 269.413 0 192 0 85.961 85.961 0 192 0s192 85.961 192 192c0 77.413-26.97 99.031-172.268 309.67-9.535 13.774-29.93 13.773-39.464 0zM192 272c44.183 0 80-35.817 80-80s-35.817-80-80-80-80 35.817-80 80 35.817 80 80 80z\"><\/path><\/svg><\/span><div><a class=\"tmpcoder-no-pointer\">\u041a\u0438\u0448\u0438\u043d\u0435\u0432, \u0443\u043b. \u041f\u0440\u0438\u0434\u043d\u0435\u0441\u0442\u0440\u043e\u0432\u0441\u043a\u0430\u044f, 5\/9<\/a><\/div><\/li><li class=\"tmpcoder-page-list-item elementor-repeater-item-2371198 tmpcoder-pointer-none tmpcoder-pointer-line-fx tmpcoder-pointer-fx-fade\"><span class=\"tmpcoder-page-list-item-icon\"><svg aria-hidden=\"true\" class=\"e-font-icon-svg e-fas-phone-alt\" viewbox=\"0 0 512 512\" xmlns=\"http:\/\/www.w3.org\/2000\/svg\"><path d=\"M497.39 361.8l-112-48a24 24 0 0 0-28 6.9l-49.6 60.6A370.66 370.66 0 0 1 130.6 204.11l60.6-49.6a23.94 23.94 0 0 0 6.9-28l-48-112A24.16 24.16 0 0 0 122.6.61l-104 24A24 24 0 0 0 0 48c0 256.5 207.9 464 464 464a24 24 0 0 0 23.4-18.6l24-104a24.29 24.29 0 0 0-14.01-27.6z\"><\/path><\/svg><\/span><div><a href=\"tel:37368711178\" class=\"tmpcoder-no-pointer\">+373 68 711 178<\/a><\/div><\/li><li class=\"tmpcoder-page-list-item elementor-repeater-item-e24ccb6 tmpcoder-pointer-none tmpcoder-pointer-line-fx tmpcoder-pointer-fx-fade\"><span class=\"tmpcoder-page-list-item-icon\"><svg aria-hidden=\"true\" class=\"e-font-icon-svg e-fas-phone-alt\" viewbox=\"0 0 512 512\" xmlns=\"http:\/\/www.w3.org\/2000\/svg\"><path d=\"M497.39 361.8l-112-48a24 24 0 0 0-28 6.9l-49.6 60.6A370.66 370.66 0 0 1 130.6 204.11l60.6-49.6a23.94 23.94 0 0 0 6.9-28l-48-112A24.16 24.16 0 0 0 122.6.61l-104 24A24 24 0 0 0 0 48c0 256.5 207.9 464 464 464a24 24 0 0 0 23.4-18.6l24-104a24.29 24.29 0 0 0-14.01-27.6z\"><\/path><\/svg><\/span><div><a href=\"tel:37369194476\" class=\"tmpcoder-no-pointer\">+373 69 194 476<\/a><\/div><\/li><\/ul><\/div>\t\t\t\t<\/div>\n\t\t\t\t<\/div>\n\t\t\t\t<div class=\"elementor-element elementor-element-8680e0b elementor-widget__width-inherit elementor-widget-mobile__width-inherit elementor-widget elementor-widget-button\" data-id=\"8680e0b\" data-element_type=\"widget\" data-widget_type=\"button.default\">\n\t\t\t\t<div class=\"elementor-widget-container\">\n\t\t\t\t\t\t\t\t\t<div class=\"elementor-button-wrapper\">\n\t\t\t\t\t<a class=\"elementor-button elementor-button-link elementor-size-sm\" href=\"tel:37368711178\">\n\t\t\t\t\t\t<span class=\"elementor-button-content-wrapper\">\n\t\t\t\t\t\t<span class=\"elementor-button-icon\">\n\t\t\t\t<svg aria-hidden=\"true\" class=\"e-font-icon-svg e-fas-angle-right\" viewbox=\"0 0 256 512\" xmlns=\"http:\/\/www.w3.org\/2000\/svg\"><path d=\"M224.3 273l-136 136c-9.4 9.4-24.6 9.4-33.9 0l-22.6-22.6c-9.4-9.4-9.4-24.6 0-33.9l96.4-96.4-96.4-96.4c-9.4-9.4-9.4-24.6 0-33.9L54.3 103c9.4-9.4 24.6-9.4 33.9 0l136 136c9.5 9.4 9.5 24.6.1 34z\"><\/path><\/svg>\t\t\t<\/span>\n\t\t\t\t\t\t\t\t\t<span class=\"elementor-button-text\">\u0417\u0432\u043e\u043d\u0438\u0442\u0435 \u0441\u0435\u0439\u0447\u0430\u0441!<\/span>\n\t\t\t\t\t<\/span>\n\t\t\t\t\t<\/a>\n\t\t\t\t<\/div>\n\t\t\t\t\t\t\t\t<\/div>\n\t\t\t\t<\/div>\n\t\t\t\t\t<\/div>\n\t\t<\/div>\n\t\t\t\t<div class=\"elementor-column elementor-col-50 elementor-top-column elementor-element elementor-element-b2a1924 elementor-invisible\" data-id=\"b2a1924\" data-element_type=\"column\" data-settings=\"{&quot;animation&quot;:&quot;fadeInRight&quot;,&quot;background_background&quot;:&quot;classic&quot;}\">\n\t\t\t<div class=\"elementor-widget-wrap elementor-element-populated\">\n\t\t\t\t\t\t<div class=\"elementor-element elementor-element-56ea252 elementor-widget elementor-widget-wpforms\" data-id=\"56ea252\" data-element_type=\"widget\" data-widget_type=\"wpforms.default\">\n\t\t\t\t<div class=\"elementor-widget-container\">\n\t\t\t\t\t<style id=\"wpforms-css-vars-elementor-widget-56ea252\">\n\t\t\t\t.elementor-widget-wpforms.elementor-element-56ea252 {\n\t\t\t\t--wpforms-button-background-color: #FF6137;\n--wpforms-field-size-input-height: 43px;\n--wpforms-field-size-input-spacing: 15px;\n--wpforms-field-size-font-size: 16px;\n--wpforms-field-size-line-height: 19px;\n--wpforms-field-size-padding-h: 14px;\n--wpforms-field-size-checkbox-size: 16px;\n--wpforms-field-size-sublabel-spacing: 5px;\n--wpforms-field-size-icon-size: 1;\n--wpforms-label-size-font-size: 16px;\n--wpforms-label-size-line-height: 19px;\n--wpforms-label-size-sublabel-font-size: 14px;\n--wpforms-label-size-sublabel-line-height: 17px;\n--wpforms-button-size-font-size: 17px;\n--wpforms-button-size-height: 41px;\n--wpforms-button-size-padding-h: 15px;\n--wpforms-button-size-margin-top: 10px;\n\n\t\t\t}\n\t\t\t<\/style><div class=\"wpforms-container wpforms-container-full wpforms-render-modern\" id=\"wpforms-589\"><form id=\"wpforms-form-589\" class=\"wpforms-validate wpforms-form wpforms-ajax-form\" data-formid=\"589\" method=\"post\" enctype=\"multipart\/form-data\" action=\"\/ru\/wp-json\/wp\/v2\/pages\/115\" data-token=\"d43cb868651f4e78bcb51bf7c23a566f\" data-token-time=\"1776998030\" data-trp-original-action=\"\/ru\/wp-json\/wp\/v2\/pages\/115\"><noscript class=\"wpforms-error-noscript\">\u0414\u043b\u044f \u0437\u0430\u043f\u043e\u043b\u043d\u0435\u043d\u0438\u044f \u0434\u0430\u043d\u043d\u043e\u0439 \u0444\u043e\u0440\u043c\u044b \u0432\u043a\u043b\u044e\u0447\u0438\u0442\u0435 JavaScript \u0432 \u0431\u0440\u0430\u0443\u0437\u0435\u0440\u0435.<\/noscript><div class=\"wpforms-hidden\" id=\"wpforms-error-noscript\">\u0414\u043b\u044f \u0437\u0430\u043f\u043e\u043b\u043d\u0435\u043d\u0438\u044f \u0434\u0430\u043d\u043d\u043e\u0439 \u0444\u043e\u0440\u043c\u044b \u0432\u043a\u043b\u044e\u0447\u0438\u0442\u0435 JavaScript \u0432 \u0431\u0440\u0430\u0443\u0437\u0435\u0440\u0435.<\/div><div class=\"wpforms-field-container\"><div id=\"wpforms-589-field_1-container\" class=\"wpforms-field wpforms-field-name\" data-field-id=\"1\"><label class=\"wpforms-field-label\" for=\"wpforms-589-field_1\">\u0418\u043c\u044f <span class=\"wpforms-required-label\" aria-hidden=\"true\">*<\/span><\/label><input type=\"text\" id=\"wpforms-589-field_1\" class=\"wpforms-field-large wpforms-field-required\" name=\"wpforms[fields][1]\" aria-errormessage=\"wpforms-589-field_1-error\" required><\/div><div id=\"wpforms-589-field_6-container\" class=\"wpforms-field wpforms-field-name\" data-field-id=\"6\"><label class=\"wpforms-field-label\" for=\"wpforms-589-field_6\">\u0422\u0435\u043b\u0435\u0444\u043e\u043d <span class=\"wpforms-required-label\" aria-hidden=\"true\">*<\/span><\/label><input type=\"text\" id=\"wpforms-589-field_6\" class=\"wpforms-field-large wpforms-field-required\" name=\"wpforms[fields][6]\" placeholder=\"+373\" aria-errormessage=\"wpforms-589-field_6-error\" required><\/div><div id=\"wpforms-589-field_4-container\" class=\"wpforms-field wpforms-field-radio wpforms-list-inline\" data-field-id=\"4\"><fieldset><legend class=\"wpforms-field-label\">\u0412\u044b\u0431\u0435\u0440\u0438\u0442\u0435 \u0443\u0441\u043b\u0443\u0433\u0443 <span class=\"wpforms-required-label\" aria-hidden=\"true\">*<\/span><\/legend><ul id=\"wpforms-589-field_4\" class=\"wpforms-field-required\"><li class=\"choice-1 depth-1\"><input type=\"radio\" id=\"wpforms-589-field_4_1\" name=\"wpforms[fields][4]\" value=\"Balustrade din sticl\u0103\" aria-errormessage=\"wpforms-589-field_4_1-error\" required><label class=\"wpforms-field-label-inline\" for=\"wpforms-589-field_4_1\">\u0421\u0442\u0435\u043a\u043b\u044f\u043d\u043d\u044b\u0435 \u0431\u0430\u043b\u044e\u0441\u0442\u0440\u0430\u0434\u044b<\/label><\/li><li class=\"choice-2 depth-1\"><input type=\"radio\" id=\"wpforms-589-field_4_2\" name=\"wpforms[fields][4]\" value=\"Cabine de du\u0219\" aria-errormessage=\"wpforms-589-field_4_2-error\" required><label class=\"wpforms-field-label-inline\" for=\"wpforms-589-field_4_2\">\u0414\u0443\u0448\u0435\u0432\u044b\u0435 \u043a\u0430\u0431\u0438\u043d\u044b<\/label><\/li><li class=\"choice-3 depth-1\"><input type=\"radio\" id=\"wpforms-589-field_4_3\" name=\"wpforms[fields][4]\" value=\"Copertine din sticl\u0103\" aria-errormessage=\"wpforms-589-field_4_3-error\" required><label class=\"wpforms-field-label-inline\" for=\"wpforms-589-field_4_3\">\u0421\u0442\u0435\u043a\u043b\u044f\u043d\u043d\u044b\u0435 \u043a\u0440\u044b\u0448\u043a\u0438<\/label><\/li><li class=\"choice-4 depth-1\"><input type=\"radio\" id=\"wpforms-589-field_4_4\" name=\"wpforms[fields][4]\" value=\"Pere\u021bi desp\u0103r\u021bitori\" aria-errormessage=\"wpforms-589-field_4_4-error\" required><label class=\"wpforms-field-label-inline\" for=\"wpforms-589-field_4_4\">\u041f\u0435\u0440\u0435\u0433\u043e\u0440\u043e\u0434\u043a\u0438<\/label><\/li><li class=\"choice-5 depth-1\"><input type=\"radio\" id=\"wpforms-589-field_4_5\" name=\"wpforms[fields][4]\" value=\"Sisteme glisante\" aria-errormessage=\"wpforms-589-field_4_5-error\" required><label class=\"wpforms-field-label-inline\" for=\"wpforms-589-field_4_5\">\u0420\u0430\u0437\u0434\u0432\u0438\u0436\u043d\u044b\u0435 \u0441\u0438\u0441\u0442\u0435\u043c\u044b<\/label><\/li><li class=\"choice-6 depth-1\"><input type=\"radio\" id=\"wpforms-589-field_4_6\" name=\"wpforms[fields][4]\" value=\"Trepte din sticl\u0103\" aria-errormessage=\"wpforms-589-field_4_6-error\" required><label class=\"wpforms-field-label-inline\" for=\"wpforms-589-field_4_6\">\u0421\u0442\u0435\u043a\u043b\u044f\u043d\u043d\u044b\u0435 \u0441\u0442\u0443\u043f\u0435\u043d\u0438<\/label><\/li><li class=\"choice-7 depth-1\"><input type=\"radio\" id=\"wpforms-589-field_4_7\" name=\"wpforms[fields][4]\" value=\"U\u0219i glisante\" aria-errormessage=\"wpforms-589-field_4_7-error\" required><label class=\"wpforms-field-label-inline\" for=\"wpforms-589-field_4_7\">\u0420\u0430\u0437\u0434\u0432\u0438\u0436\u043d\u044b\u0435 \u0434\u0432\u0435\u0440\u0438<\/label><\/li><li class=\"choice-8 depth-1\"><input type=\"radio\" id=\"wpforms-589-field_4_8\" name=\"wpforms[fields][4]\" value=\"U\u0219i interioare \u00een ram\u0103\" aria-errormessage=\"wpforms-589-field_4_8-error\" required><label class=\"wpforms-field-label-inline\" for=\"wpforms-589-field_4_8\">\u041c\u0435\u0436\u043a\u043e\u043c\u043d\u0430\u0442\u043d\u044b\u0435 \u043a\u0430\u0440\u043a\u0430\u0441\u043d\u044b\u0435 \u0434\u0432\u0435\u0440\u0438<\/label><\/li><\/ul><\/fieldset><\/div><div id=\"wpforms-589-field_3-container\" class=\"wpforms-field wpforms-field-textarea\" data-field-id=\"3\"><label class=\"wpforms-field-label\" for=\"wpforms-589-field_3\">\u0414\u043e\u043f\u043e\u043b\u043d\u0438\u0442\u0435\u043b\u044c\u043d\u0430\u044f \u0438\u043d\u0444\u043e\u0440\u043c\u0430\u0446\u0438\u044f<\/label><textarea id=\"wpforms-589-field_3\" class=\"wpforms-field-medium\" name=\"wpforms[fields][3]\" placeholder=\"\u041d\u0430\u043f\u0438\u0448\u0438\u0442\u0435 \u0432 \u043d\u0435\u0441\u043a\u043e\u043b\u044c\u043a\u0438\u0445 \u0441\u043b\u043e\u0432\u0430\u0445, \u0447\u0442\u043e \u0432\u0430\u043c \u043d\u0443\u0436\u043d\u043e...\" aria-errormessage=\"wpforms-589-field_3-error\" ><\/textarea><\/div><\/div><!-- .wpforms-field-container --><div class=\"wpforms-submit-container\" ><input type=\"hidden\" name=\"wpforms[id]\" value=\"589\"><input type=\"hidden\" name=\"page_title\" value=\"\"><input type=\"hidden\" name=\"page_url\" value=\"https:\/\/lamiglass.md\/ru\/wp-json\/wp\/v2\/pages\/115\"><button type=\"submit\" name=\"wpforms[submit]\" id=\"wpforms-submit-589\" class=\"wpforms-submit\" data-alt-text=\"Se trimite...\" data-submit-text=\"Trimite\" aria-live=\"assertive\" value=\"wpforms-submit\">\u041e\u0442\u043f\u0440\u0430\u0432\u0438\u0442\u044c<\/button><img decoding=\"async\" src=\"https:\/\/lamiglass.md\/wp-content\/plugins\/wpforms-lite\/assets\/images\/submit-spin.svg\" class=\"wpforms-submit-spinner\" style=\"display: none;\" width=\"26\" height=\"26\" alt=\"\u0417\u0430\u0433\u0440\u0443\u0437\u043a\u0430\"><\/div><input type=\"hidden\" name=\"trp-form-language\" value=\"ru\"\/><\/form><\/div>  <!-- .wpforms-container -->\t\t\t\t<\/div>\n\t\t\t\t<\/div>\n\t\t\t\t\t<\/div>\n\t\t<\/div>\n\t\t\t\t\t<\/div>\n\t\t<\/section>\n\t\t\t\t<section class=\"elementor-section elementor-top-section elementor-element elementor-element-1cdc56a elementor-section-boxed elementor-section-height-default elementor-section-height-default tmpcoder-particle-no tmpcoder-sticky-section-no\" data-id=\"1cdc56a\" data-element_type=\"section\" data-settings=\"{&quot;background_background&quot;:&quot;classic&quot;}\">\n\t\t\t\t\t\t<div class=\"elementor-container elementor-column-gap-default\">\n\t\t\t\t\t<div class=\"elementor-column elementor-col-100 elementor-top-column elementor-element elementor-element-86d3b25\" data-id=\"86d3b25\" data-element_type=\"column\">\n\t\t\t<div class=\"elementor-widget-wrap elementor-element-populated\">\n\t\t\t\t\t\t<div class=\"elementor-element elementor-element-3cef7f2 elementor-widget elementor-widget-google_maps\" data-id=\"3cef7f2\" data-element_type=\"widget\" data-widget_type=\"google_maps.default\">\n\t\t\t\t<div class=\"elementor-widget-container\">\n\t\t\t\t\t\t\t<div class=\"elementor-custom-embed\">\n\t\t\t<iframe loading=\"lazy\"\n\t\t\t\t\tsrc=\"https:\/\/maps.google.com\/maps?q=Chi%C8%99in%C4%83u%2C%20Str.%20Transnistria%205%2F9&#038;t=m&#038;z=14&#038;output=embed&#038;iwloc=near\"\n\t\t\t\t\ttitle=\"\u041a\u0438\u0448\u0438\u043d\u0435\u0432, \u0443\u043b. \u041f\u0440\u0438\u0434\u043d\u0435\u0441\u0442\u0440\u043e\u0432\u0441\u043a\u0430\u044f, 5\/9\"\n\t\t\t\t\taria-label=\"\u041a\u0438\u0448\u0438\u043d\u0435\u0432, \u0443\u043b. \u041f\u0440\u0438\u0434\u043d\u0435\u0441\u0442\u0440\u043e\u0432\u0441\u043a\u0430\u044f, 5\/9\"\n\t\t\t><\/iframe>\n\t\t<\/div>\n\t\t\t\t\t\t<\/div>\n\t\t\t\t<\/div>\n\t\t\t\t\t<\/div>\n\t\t<\/div>\n\t\t\t\t\t<\/div>\n\t\t<\/section>\n\t\t\t\t<\/div>","protected":false},"excerpt":{"rendered":"<p>Contacte Lami Glass Contacteaz\u0103-ne ! Contacteaz\u0103-ne pentru solu\u021bii din sticl\u0103 personalizate! Echipa Lami Glass este preg\u0103tit\u0103 s\u0103 \u00ee\u021bi transforme ideile \u00een realitate. Suntem la un mesaj distan\u021b\u0103! busuiococtav@mail.ru Chi\u0219in\u0103u, Str. Transnistria 5\/9 +373 68 711 178 +373 69 194 476 Sun\u0103 Acum! Please enable JavaScript in your browser to complete this form.Please enable JavaScript in [&hellip;]<\/p>","protected":false},"author":1,"featured_media":0,"parent":0,"menu_order":0,"comment_status":"closed","ping_status":"closed","template":"elementor_header_footer","meta":{"footnotes":""},"class_list":["post-115","page","type-page","status-publish","hentry"],"_links":{"self":[{"href":"https:\/\/lamiglass.md\/ru\/wp-json\/wp\/v2\/pages\/115","targetHints":{"allow":["GET"]}}],"collection":[{"href":"https:\/\/lamiglass.md\/ru\/wp-json\/wp\/v2\/pages"}],"about":[{"href":"https:\/\/lamiglass.md\/ru\/wp-json\/wp\/v2\/types\/page"}],"author":[{"embeddable":true,"href":"https:\/\/lamiglass.md\/ru\/wp-json\/wp\/v2\/users\/1"}],"replies":[{"embeddable":true,"href":"https:\/\/lamiglass.md\/ru\/wp-json\/wp\/v2\/comments?post=115"}],"version-history":[{"count":40,"href":"https:\/\/lamiglass.md\/ru\/wp-json\/wp\/v2\/pages\/115\/revisions"}],"predecessor-version":[{"id":705,"href":"https:\/\/lamiglass.md\/ru\/wp-json\/wp\/v2\/pages\/115\/revisions\/705"}],"wp:attachment":[{"href":"https:\/\/lamiglass.md\/ru\/wp-json\/wp\/v2\/media?parent=115"}],"curies":[{"name":"wp","href":"https:\/\/api.w.org\/{rel}","templated":true}]}}